{"id":1918,"date":"2018-04-02T21:19:19","date_gmt":"2018-04-02T21:19:19","guid":{"rendered":"https:\/\/sexyrotic.com\/SR-Shop\/?post_type=product&#038;p=1918"},"modified":"2018-04-02T22:29:53","modified_gmt":"2018-04-02T22:29:53","slug":"srv-np-13","status":"publish","type":"product","link":"https:\/\/sexyrotic.com\/SR-Shop\/de\/product\/srv-np-13\/","title":{"rendered":"SRv-NP-13"},"content":{"rendered":"","protected":false},"excerpt":{"rendered":"<ul>\n<li>Model: Nina Pastyrikova <strong>aka<\/strong> Nina Parish \/ Valentina Rush \/ Tatiana Milovani<\/li>\n<li>Nationalit\u00e4t: Tschechisch<\/li>\n<li>Ort: Prag, Tschechische Republik<\/li>\n<li>Datum: ??\/200?<\/li>\n<\/ul>\n<p>Dieser Videoclip ist etwas Besonderes f\u00fcr uns, weil wir heimlich dabei beobachtet worden sind. Nina&#8217;s Blase war fast zum Platzen gef\u00fcllt und musste dringend entleert werden. F\u00fcr diese Szene hatten wir uns im Naturpark Divoka Sarka bei Prag einige Meter hinter Felsen versteckt, wo wir glaubten, ganz allein zu sein. Dem war nicht so. Ein Spanner hat uns offenbar die ganze Zeit beobachtet. Erst als die Szene abgedreht war, bemerkten wir ihn. Man sieht den Mann am Ende der Szene noch von hinten, wie er sich davonschleicht. M\u00f6glich, dass es sich bei ihm um Nina&#8217;s damaligen Freund gehandelt hat.<\/p>\n<p>Das Bild links ist ein Originalauszug aus dem Video.<\/p>\n<p><a href=\"https:\/\/drive.google.com\/file\/d\/0BzwiqIuSTKC7Z1B5OFA3aS1rTzg\/view?usp=sharing\" target=\"_blank\" rel=\"noopener\" name=\"ThumbnailTable mit technischen Details\"><span style=\"color: #006699;\">ThumbnailTable mit technischen Details<\/span><\/a> (JPG)<\/p>\n","protected":false},"featured_media":1919,"template":"","meta":[],"pwb-brand":[],"product_brand":[],"product_cat":[],"product_tag":[],"class_list":{"0":"post-1918","1":"product","2":"type-product","3":"status-publish","4":"has-post-thumbnail","7":"first","8":"instock","9":"downloadable","10":"virtual","11":"sold-individually","12":"purchasable","13":"product-type-simple"},"yoast_head":"<!-- This site is optimized with the Yoast SEO plugin v25.0 - https:\/\/yoast.com\/wordpress\/plugins\/seo\/ -->\n<title>SRv-NP-13 - SEXYROTIC<\/title>\n<meta name=\"description\" content=\"These are our sexy and beautiful models. Many of them are from Czech Republic. Mostly solo, masturbating or pissing.\" \/>\n<meta name=\"robots\" content=\"index, follow, max-snippet:-1, max-image-preview:large, max-video-preview:-1\" \/>\n<link rel=\"canonical\" href=\"https:\/\/sexyrotic.com\/SR-Shop\/product\/srv-np-13\/\" \/>\n<meta property=\"og:locale\" content=\"de_DE\" \/>\n<meta property=\"og:type\" content=\"article\" \/>\n<meta property=\"og:title\" content=\"SRv-NP-13 - SEXYROTIC\" \/>\n<meta property=\"og:description\" content=\"These are our sexy and beautiful models. Many of them are from Czech Republic. Mostly solo, masturbating or pissing.\" \/>\n<meta property=\"og:url\" content=\"https:\/\/sexyrotic.com\/SR-Shop\/product\/srv-np-13\/\" \/>\n<meta property=\"og:site_name\" content=\"SEXYROTIC\" \/>\n<meta property=\"article:modified_time\" content=\"2018-04-02T22:29:53+00:00\" \/>\n<meta property=\"og:image\" content=\"https:\/\/sexyrotic.com\/SR-Shop\/wp-content\/uploads\/2018\/04\/SRv-NP-13.jpg\" \/>\n\t<meta property=\"og:image:width\" content=\"786\" \/>\n\t<meta property=\"og:image:height\" content=\"576\" \/>\n\t<meta property=\"og:image:type\" content=\"image\/jpeg\" \/>\n<meta name=\"twitter:card\" content=\"summary_large_image\" \/>\n<meta name=\"twitter:site\" content=\"@SEXYROTIC_com\" \/>\n<script type=\"application\/ld+json\" class=\"yoast-schema-graph\">{\"@context\":\"https:\/\/schema.org\",\"@graph\":[{\"@type\":\"WebPage\",\"@id\":\"https:\/\/sexyrotic.com\/SR-Shop\/product\/srv-np-13\/\",\"url\":\"https:\/\/sexyrotic.com\/SR-Shop\/product\/srv-np-13\/\",\"name\":\"SRv-NP-13 - SEXYROTIC\",\"isPartOf\":{\"@id\":\"https:\/\/sexyrotic.com\/SR-Shop\/#website\"},\"primaryImageOfPage\":{\"@id\":\"https:\/\/sexyrotic.com\/SR-Shop\/product\/srv-np-13\/#primaryimage\"},\"image\":{\"@id\":\"https:\/\/sexyrotic.com\/SR-Shop\/product\/srv-np-13\/#primaryimage\"},\"thumbnailUrl\":\"https:\/\/sexyrotic.com\/SR-Shop\/wp-content\/uploads\/2018\/04\/SRv-NP-13.jpg\",\"datePublished\":\"2018-04-02T21:19:19+00:00\",\"dateModified\":\"2018-04-02T22:29:53+00:00\",\"description\":\"These are our sexy and beautiful models. Many of them are from Czech Republic. Mostly solo, masturbating or pissing.\",\"breadcrumb\":{\"@id\":\"https:\/\/sexyrotic.com\/SR-Shop\/product\/srv-np-13\/#breadcrumb\"},\"inLanguage\":\"de\",\"potentialAction\":[{\"@type\":\"ReadAction\",\"target\":[\"https:\/\/sexyrotic.com\/SR-Shop\/product\/srv-np-13\/\"]}]},{\"@type\":\"ImageObject\",\"inLanguage\":\"de\",\"@id\":\"https:\/\/sexyrotic.com\/SR-Shop\/product\/srv-np-13\/#primaryimage\",\"url\":\"https:\/\/sexyrotic.com\/SR-Shop\/wp-content\/uploads\/2018\/04\/SRv-NP-13.jpg\",\"contentUrl\":\"https:\/\/sexyrotic.com\/SR-Shop\/wp-content\/uploads\/2018\/04\/SRv-NP-13.jpg\",\"width\":786,\"height\":576},{\"@type\":\"BreadcrumbList\",\"@id\":\"https:\/\/sexyrotic.com\/SR-Shop\/product\/srv-np-13\/#breadcrumb\",\"itemListElement\":[{\"@type\":\"ListItem\",\"position\":1,\"name\":\"Home\",\"item\":\"https:\/\/sexyrotic.com\/SR-Shop\/\"},{\"@type\":\"ListItem\",\"position\":2,\"name\":\"Shop\",\"item\":\"https:\/\/sexyrotic.com\/SR-Shop\/\"},{\"@type\":\"ListItem\",\"position\":3,\"name\":\"SRv-NP-13\"}]},{\"@type\":\"WebSite\",\"@id\":\"https:\/\/sexyrotic.com\/SR-Shop\/#website\",\"url\":\"https:\/\/sexyrotic.com\/SR-Shop\/\",\"name\":\"SEXYROTIC\",\"description\":\"Adult CONTENT (Producer\/Provider)\",\"publisher\":{\"@id\":\"https:\/\/sexyrotic.com\/SR-Shop\/#organization\"},\"potentialAction\":[{\"@type\":\"SearchAction\",\"target\":{\"@type\":\"EntryPoint\",\"urlTemplate\":\"https:\/\/sexyrotic.com\/SR-Shop\/?s={search_term_string}\"},\"query-input\":{\"@type\":\"PropertyValueSpecification\",\"valueRequired\":true,\"valueName\":\"search_term_string\"}}],\"inLanguage\":\"de\"},{\"@type\":\"Organization\",\"@id\":\"https:\/\/sexyrotic.com\/SR-Shop\/#organization\",\"name\":\"SEXYROTIC\",\"url\":\"https:\/\/sexyrotic.com\/SR-Shop\/\",\"logo\":{\"@type\":\"ImageObject\",\"inLanguage\":\"de\",\"@id\":\"https:\/\/sexyrotic.com\/SR-Shop\/#\/schema\/logo\/image\/\",\"url\":\"https:\/\/sexyrotic.com\/SR-Shop\/wp-content\/uploads\/2018\/01\/cropped-SRLogo-1950x500-copy.png\",\"contentUrl\":\"https:\/\/sexyrotic.com\/SR-Shop\/wp-content\/uploads\/2018\/01\/cropped-SRLogo-1950x500-copy.png\",\"width\":619,\"height\":110,\"caption\":\"SEXYROTIC\"},\"image\":{\"@id\":\"https:\/\/sexyrotic.com\/SR-Shop\/#\/schema\/logo\/image\/\"},\"sameAs\":[\"https:\/\/x.com\/SEXYROTIC_com\"]}]}<\/script>\n<!-- \/ Yoast SEO plugin. -->","yoast_head_json":{"title":"SRv-NP-13 - SEXYROTIC","description":"These are our sexy and beautiful models. Many of them are from Czech Republic. Mostly solo, masturbating or pissing.","robots":{"index":"index","follow":"follow","max-snippet":"max-snippet:-1","max-image-preview":"max-image-preview:large","max-video-preview":"max-video-preview:-1"},"canonical":"https:\/\/sexyrotic.com\/SR-Shop\/product\/srv-np-13\/","og_locale":"de_DE","og_type":"article","og_title":"SRv-NP-13 - SEXYROTIC","og_description":"These are our sexy and beautiful models. Many of them are from Czech Republic. Mostly solo, masturbating or pissing.","og_url":"https:\/\/sexyrotic.com\/SR-Shop\/product\/srv-np-13\/","og_site_name":"SEXYROTIC","article_modified_time":"2018-04-02T22:29:53+00:00","og_image":[{"width":786,"height":576,"url":"https:\/\/sexyrotic.com\/SR-Shop\/wp-content\/uploads\/2018\/04\/SRv-NP-13.jpg","type":"image\/jpeg"}],"twitter_card":"summary_large_image","twitter_site":"@SEXYROTIC_com","schema":{"@context":"https:\/\/schema.org","@graph":[{"@type":"WebPage","@id":"https:\/\/sexyrotic.com\/SR-Shop\/product\/srv-np-13\/","url":"https:\/\/sexyrotic.com\/SR-Shop\/product\/srv-np-13\/","name":"SRv-NP-13 - SEXYROTIC","isPartOf":{"@id":"https:\/\/sexyrotic.com\/SR-Shop\/#website"},"primaryImageOfPage":{"@id":"https:\/\/sexyrotic.com\/SR-Shop\/product\/srv-np-13\/#primaryimage"},"image":{"@id":"https:\/\/sexyrotic.com\/SR-Shop\/product\/srv-np-13\/#primaryimage"},"thumbnailUrl":"https:\/\/sexyrotic.com\/SR-Shop\/wp-content\/uploads\/2018\/04\/SRv-NP-13.jpg","datePublished":"2018-04-02T21:19:19+00:00","dateModified":"2018-04-02T22:29:53+00:00","description":"These are our sexy and beautiful models. Many of them are from Czech Republic. Mostly solo, masturbating or pissing.","breadcrumb":{"@id":"https:\/\/sexyrotic.com\/SR-Shop\/product\/srv-np-13\/#breadcrumb"},"inLanguage":"de","potentialAction":[{"@type":"ReadAction","target":["https:\/\/sexyrotic.com\/SR-Shop\/product\/srv-np-13\/"]}]},{"@type":"ImageObject","inLanguage":"de","@id":"https:\/\/sexyrotic.com\/SR-Shop\/product\/srv-np-13\/#primaryimage","url":"https:\/\/sexyrotic.com\/SR-Shop\/wp-content\/uploads\/2018\/04\/SRv-NP-13.jpg","contentUrl":"https:\/\/sexyrotic.com\/SR-Shop\/wp-content\/uploads\/2018\/04\/SRv-NP-13.jpg","width":786,"height":576},{"@type":"BreadcrumbList","@id":"https:\/\/sexyrotic.com\/SR-Shop\/product\/srv-np-13\/#breadcrumb","itemListElement":[{"@type":"ListItem","position":1,"name":"Home","item":"https:\/\/sexyrotic.com\/SR-Shop\/"},{"@type":"ListItem","position":2,"name":"Shop","item":"https:\/\/sexyrotic.com\/SR-Shop\/"},{"@type":"ListItem","position":3,"name":"SRv-NP-13"}]},{"@type":"WebSite","@id":"https:\/\/sexyrotic.com\/SR-Shop\/#website","url":"https:\/\/sexyrotic.com\/SR-Shop\/","name":"SEXYROTIC","description":"Adult CONTENT (Producer\/Provider)","publisher":{"@id":"https:\/\/sexyrotic.com\/SR-Shop\/#organization"},"potentialAction":[{"@type":"SearchAction","target":{"@type":"EntryPoint","urlTemplate":"https:\/\/sexyrotic.com\/SR-Shop\/?s={search_term_string}"},"query-input":{"@type":"PropertyValueSpecification","valueRequired":true,"valueName":"search_term_string"}}],"inLanguage":"de"},{"@type":"Organization","@id":"https:\/\/sexyrotic.com\/SR-Shop\/#organization","name":"SEXYROTIC","url":"https:\/\/sexyrotic.com\/SR-Shop\/","logo":{"@type":"ImageObject","inLanguage":"de","@id":"https:\/\/sexyrotic.com\/SR-Shop\/#\/schema\/logo\/image\/","url":"https:\/\/sexyrotic.com\/SR-Shop\/wp-content\/uploads\/2018\/01\/cropped-SRLogo-1950x500-copy.png","contentUrl":"https:\/\/sexyrotic.com\/SR-Shop\/wp-content\/uploads\/2018\/01\/cropped-SRLogo-1950x500-copy.png","width":619,"height":110,"caption":"SEXYROTIC"},"image":{"@id":"https:\/\/sexyrotic.com\/SR-Shop\/#\/schema\/logo\/image\/"},"sameAs":["https:\/\/x.com\/SEXYROTIC_com"]}]}},"brands":[],"_links":{"self":[{"href":"https:\/\/sexyrotic.com\/SR-Shop\/de\/wp-json\/wp\/v2\/product\/1918","targetHints":{"allow":["GET"]}}],"collection":[{"href":"https:\/\/sexyrotic.com\/SR-Shop\/de\/wp-json\/wp\/v2\/product"}],"about":[{"href":"https:\/\/sexyrotic.com\/SR-Shop\/de\/wp-json\/wp\/v2\/types\/product"}],"wp:featuredmedia":[{"embeddable":true,"href":"https:\/\/sexyrotic.com\/SR-Shop\/de\/wp-json\/wp\/v2\/media\/1919"}],"wp:attachment":[{"href":"https:\/\/sexyrotic.com\/SR-Shop\/de\/wp-json\/wp\/v2\/media?parent=1918"}],"wp:term":[{"taxonomy":"pwb-brand","embeddable":true,"href":"https:\/\/sexyrotic.com\/SR-Shop\/de\/wp-json\/wp\/v2\/pwb-brand?post=1918"},{"taxonomy":"product_brand","embeddable":true,"href":"https:\/\/sexyrotic.com\/SR-Shop\/de\/wp-json\/wp\/v2\/product_brand?post=1918"},{"taxonomy":"product_cat","embeddable":true,"href":"https:\/\/sexyrotic.com\/SR-Shop\/de\/wp-json\/wp\/v2\/product_cat?post=1918"},{"taxonomy":"product_tag","embeddable":true,"href":"https:\/\/sexyrotic.com\/SR-Shop\/de\/wp-json\/wp\/v2\/product_tag?post=1918"}],"curies":[{"name":"wp","href":"https:\/\/api.w.org\/{rel}","templated":true}]}}