{"id":1715,"date":"2018-01-13T01:37:19","date_gmt":"2018-01-13T01:37:19","guid":{"rendered":"https:\/\/sexyrotic.com\/SR-Shop\/?page_id=1715"},"modified":"2018-03-29T16:00:13","modified_gmt":"2018-03-29T16:00:13","slug":"custom-orders","status":"publish","type":"page","link":"https:\/\/sexyrotic.com\/SR-Shop\/de\/custom-orders\/","title":{"rendered":"Auftragsarbeiten"},"content":{"rendered":"<p>In Ihrem Auftrag erstellen wir Fotosets und Videoclips in Europa (vorzugsweise in Deutschland, Schweiz, Tschechische Republik und Slowakei). Teilen Sie uns Ihre Vorstellungen und Ideen mit, und wir werden Ihnen eine Liste aktuell verf\u00fcgbarer Models zusenden.<\/p>\n<p><BR><\/p>\n<p>[contact-form][contact-field label=&#8220;Name&#8220; type=&#8220;name&#8220;  required=&#8220;true&#8220; \/][contact-field label=&#8220;eMail&#8220; type=&#8220;email&#8220; required=&#8220;true&#8220; \/][contact-field label=&#8220;Website&#8220; type=&#8220;url&#8220; \/][contact-field label=&#8220;Nachricht&#8220; type=&#8220;textarea&#8220; \/][\/contact-form]<\/p>","protected":false},"excerpt":{"rendered":"<p>In Ihrem Auftrag erstellen wir Fotosets und Videoclips in Europa (vorzugsweise in Deutschland, Schweiz, Tschechische Republik und Slowakei). Teilen Sie uns Ihre Vorstellungen und Ideen mit, und wir werden Ihnen eine Liste aktuell verf\u00fcgbarer Models zusenden. [contact-form][contact-field label=&#8220;Name&#8220; type=&#8220;name&#8220; required=&#8220;true&#8220; \/][contact-field label=&#8220;eMail&#8220; type=&#8220;email&#8220; required=&#8220;true&#8220; \/][contact-field label=&#8220;Website&#8220; type=&#8220;url&#8220; \/][contact-field label=&#8220;Nachricht&#8220; type=&#8220;textarea&#8220; \/][\/contact-form]<\/p>\n","protected":false},"author":1,"featured_media":0,"parent":0,"menu_order":4,"comment_status":"closed","ping_status":"closed","template":"","meta":{"footnotes":""},"class_list":["post-1715","page","type-page","status-publish","hentry"],"yoast_head":"<!-- This site is optimized with the Yoast SEO plugin v25.0 - https:\/\/yoast.com\/wordpress\/plugins\/seo\/ -->\n<title>Auftragsarbeiten - SEXYROTIC<\/title>\n<meta name=\"description\" content=\"Sexyrotic ist darauf vorbereitet, f\u00fcr Sie mit h\u00fcbschen tschechischen Models Produktionen durchzuf\u00fchren. Fotos und\/oder Videos. Solo, masturbation, anal, hardcore. Was immer Ihrer Fantasie einf\u00e4llt. Sprechen Sie mit uns.\" \/>\n<meta name=\"robots\" content=\"index, follow, max-snippet:-1, max-image-preview:large, max-video-preview:-1\" \/>\n<link rel=\"canonical\" href=\"https:\/\/sexyrotic.com\/SR-Shop\/de\/custom-orders\/\" \/>\n<meta property=\"og:locale\" content=\"de_DE\" \/>\n<meta property=\"og:type\" content=\"article\" \/>\n<meta property=\"og:title\" content=\"Auftragsarbeiten - SEXYROTIC\" \/>\n<meta property=\"og:description\" content=\"Sexyrotic ist darauf vorbereitet, f\u00fcr Sie mit h\u00fcbschen tschechischen Models Produktionen durchzuf\u00fchren. Fotos und\/oder Videos. Solo, masturbation, anal, hardcore. Was immer Ihrer Fantasie einf\u00e4llt. Sprechen Sie mit uns.\" \/>\n<meta property=\"og:url\" content=\"https:\/\/sexyrotic.com\/SR-Shop\/de\/custom-orders\/\" \/>\n<meta property=\"og:site_name\" content=\"SEXYROTIC\" \/>\n<meta property=\"article:modified_time\" content=\"2018-03-29T16:00:13+00:00\" \/>\n<meta name=\"twitter:card\" content=\"summary_large_image\" \/>\n<meta name=\"twitter:site\" content=\"@SEXYROTIC_com\" \/>\n<meta name=\"twitter:label1\" content=\"Gesch\u00e4tzte Lesezeit\" \/>\n\t<meta name=\"twitter:data1\" content=\"1\u00a0Minute\" \/>\n<script type=\"application\/ld+json\" class=\"yoast-schema-graph\">{\"@context\":\"https:\/\/schema.org\",\"@graph\":[{\"@type\":\"WebPage\",\"@id\":\"https:\/\/sexyrotic.com\/SR-Shop\/de\/custom-orders\/\",\"url\":\"https:\/\/sexyrotic.com\/SR-Shop\/de\/custom-orders\/\",\"name\":\"Auftragsarbeiten - SEXYROTIC\",\"isPartOf\":{\"@id\":\"https:\/\/sexyrotic.com\/SR-Shop\/#website\"},\"datePublished\":\"2018-01-13T01:37:19+00:00\",\"dateModified\":\"2018-03-29T16:00:13+00:00\",\"description\":\"Sexyrotic ist darauf vorbereitet, f\u00fcr Sie mit h\u00fcbschen tschechischen Models Produktionen durchzuf\u00fchren. Fotos und\/oder Videos. Solo, masturbation, anal, hardcore. Was immer Ihrer Fantasie einf\u00e4llt. Sprechen Sie mit uns.\",\"breadcrumb\":{\"@id\":\"https:\/\/sexyrotic.com\/SR-Shop\/de\/custom-orders\/#breadcrumb\"},\"inLanguage\":\"de\",\"potentialAction\":[{\"@type\":\"ReadAction\",\"target\":[\"https:\/\/sexyrotic.com\/SR-Shop\/de\/custom-orders\/\"]}]},{\"@type\":\"BreadcrumbList\",\"@id\":\"https:\/\/sexyrotic.com\/SR-Shop\/de\/custom-orders\/#breadcrumb\",\"itemListElement\":[{\"@type\":\"ListItem\",\"position\":1,\"name\":\"Home\",\"item\":\"https:\/\/sexyrotic.com\/SR-Shop\/\"},{\"@type\":\"ListItem\",\"position\":2,\"name\":\"Auftragsarbeiten\"}]},{\"@type\":\"WebSite\",\"@id\":\"https:\/\/sexyrotic.com\/SR-Shop\/#website\",\"url\":\"https:\/\/sexyrotic.com\/SR-Shop\/\",\"name\":\"SEXYROTIC\",\"description\":\"Adult CONTENT (Producer\/Provider)\",\"publisher\":{\"@id\":\"https:\/\/sexyrotic.com\/SR-Shop\/#organization\"},\"potentialAction\":[{\"@type\":\"SearchAction\",\"target\":{\"@type\":\"EntryPoint\",\"urlTemplate\":\"https:\/\/sexyrotic.com\/SR-Shop\/?s={search_term_string}\"},\"query-input\":{\"@type\":\"PropertyValueSpecification\",\"valueRequired\":true,\"valueName\":\"search_term_string\"}}],\"inLanguage\":\"de\"},{\"@type\":\"Organization\",\"@id\":\"https:\/\/sexyrotic.com\/SR-Shop\/#organization\",\"name\":\"SEXYROTIC\",\"url\":\"https:\/\/sexyrotic.com\/SR-Shop\/\",\"logo\":{\"@type\":\"ImageObject\",\"inLanguage\":\"de\",\"@id\":\"https:\/\/sexyrotic.com\/SR-Shop\/#\/schema\/logo\/image\/\",\"url\":\"https:\/\/sexyrotic.com\/SR-Shop\/wp-content\/uploads\/2018\/01\/cropped-SRLogo-1950x500-copy.png\",\"contentUrl\":\"https:\/\/sexyrotic.com\/SR-Shop\/wp-content\/uploads\/2018\/01\/cropped-SRLogo-1950x500-copy.png\",\"width\":619,\"height\":110,\"caption\":\"SEXYROTIC\"},\"image\":{\"@id\":\"https:\/\/sexyrotic.com\/SR-Shop\/#\/schema\/logo\/image\/\"},\"sameAs\":[\"https:\/\/x.com\/SEXYROTIC_com\"]}]}<\/script>\n<!-- \/ Yoast SEO plugin. -->","yoast_head_json":{"title":"Auftragsarbeiten - SEXYROTIC","description":"Sexyrotic ist darauf vorbereitet, f\u00fcr Sie mit h\u00fcbschen tschechischen Models Produktionen durchzuf\u00fchren. Fotos und\/oder Videos. Solo, masturbation, anal, hardcore. Was immer Ihrer Fantasie einf\u00e4llt. Sprechen Sie mit uns.","robots":{"index":"index","follow":"follow","max-snippet":"max-snippet:-1","max-image-preview":"max-image-preview:large","max-video-preview":"max-video-preview:-1"},"canonical":"https:\/\/sexyrotic.com\/SR-Shop\/de\/custom-orders\/","og_locale":"de_DE","og_type":"article","og_title":"Auftragsarbeiten - SEXYROTIC","og_description":"Sexyrotic ist darauf vorbereitet, f\u00fcr Sie mit h\u00fcbschen tschechischen Models Produktionen durchzuf\u00fchren. Fotos und\/oder Videos. Solo, masturbation, anal, hardcore. Was immer Ihrer Fantasie einf\u00e4llt. Sprechen Sie mit uns.","og_url":"https:\/\/sexyrotic.com\/SR-Shop\/de\/custom-orders\/","og_site_name":"SEXYROTIC","article_modified_time":"2018-03-29T16:00:13+00:00","twitter_card":"summary_large_image","twitter_site":"@SEXYROTIC_com","twitter_misc":{"Gesch\u00e4tzte Lesezeit":"1\u00a0Minute"},"schema":{"@context":"https:\/\/schema.org","@graph":[{"@type":"WebPage","@id":"https:\/\/sexyrotic.com\/SR-Shop\/de\/custom-orders\/","url":"https:\/\/sexyrotic.com\/SR-Shop\/de\/custom-orders\/","name":"Auftragsarbeiten - SEXYROTIC","isPartOf":{"@id":"https:\/\/sexyrotic.com\/SR-Shop\/#website"},"datePublished":"2018-01-13T01:37:19+00:00","dateModified":"2018-03-29T16:00:13+00:00","description":"Sexyrotic ist darauf vorbereitet, f\u00fcr Sie mit h\u00fcbschen tschechischen Models Produktionen durchzuf\u00fchren. Fotos und\/oder Videos. Solo, masturbation, anal, hardcore. Was immer Ihrer Fantasie einf\u00e4llt. Sprechen Sie mit uns.","breadcrumb":{"@id":"https:\/\/sexyrotic.com\/SR-Shop\/de\/custom-orders\/#breadcrumb"},"inLanguage":"de","potentialAction":[{"@type":"ReadAction","target":["https:\/\/sexyrotic.com\/SR-Shop\/de\/custom-orders\/"]}]},{"@type":"BreadcrumbList","@id":"https:\/\/sexyrotic.com\/SR-Shop\/de\/custom-orders\/#breadcrumb","itemListElement":[{"@type":"ListItem","position":1,"name":"Home","item":"https:\/\/sexyrotic.com\/SR-Shop\/"},{"@type":"ListItem","position":2,"name":"Auftragsarbeiten"}]},{"@type":"WebSite","@id":"https:\/\/sexyrotic.com\/SR-Shop\/#website","url":"https:\/\/sexyrotic.com\/SR-Shop\/","name":"SEXYROTIC","description":"Adult CONTENT (Producer\/Provider)","publisher":{"@id":"https:\/\/sexyrotic.com\/SR-Shop\/#organization"},"potentialAction":[{"@type":"SearchAction","target":{"@type":"EntryPoint","urlTemplate":"https:\/\/sexyrotic.com\/SR-Shop\/?s={search_term_string}"},"query-input":{"@type":"PropertyValueSpecification","valueRequired":true,"valueName":"search_term_string"}}],"inLanguage":"de"},{"@type":"Organization","@id":"https:\/\/sexyrotic.com\/SR-Shop\/#organization","name":"SEXYROTIC","url":"https:\/\/sexyrotic.com\/SR-Shop\/","logo":{"@type":"ImageObject","inLanguage":"de","@id":"https:\/\/sexyrotic.com\/SR-Shop\/#\/schema\/logo\/image\/","url":"https:\/\/sexyrotic.com\/SR-Shop\/wp-content\/uploads\/2018\/01\/cropped-SRLogo-1950x500-copy.png","contentUrl":"https:\/\/sexyrotic.com\/SR-Shop\/wp-content\/uploads\/2018\/01\/cropped-SRLogo-1950x500-copy.png","width":619,"height":110,"caption":"SEXYROTIC"},"image":{"@id":"https:\/\/sexyrotic.com\/SR-Shop\/#\/schema\/logo\/image\/"},"sameAs":["https:\/\/x.com\/SEXYROTIC_com"]}]}},"_links":{"self":[{"href":"https:\/\/sexyrotic.com\/SR-Shop\/de\/wp-json\/wp\/v2\/pages\/1715","targetHints":{"allow":["GET"]}}],"collection":[{"href":"https:\/\/sexyrotic.com\/SR-Shop\/de\/wp-json\/wp\/v2\/pages"}],"about":[{"href":"https:\/\/sexyrotic.com\/SR-Shop\/de\/wp-json\/wp\/v2\/types\/page"}],"author":[{"embeddable":true,"href":"https:\/\/sexyrotic.com\/SR-Shop\/de\/wp-json\/wp\/v2\/users\/1"}],"replies":[{"embeddable":true,"href":"https:\/\/sexyrotic.com\/SR-Shop\/de\/wp-json\/wp\/v2\/comments?post=1715"}],"version-history":[{"count":7,"href":"https:\/\/sexyrotic.com\/SR-Shop\/de\/wp-json\/wp\/v2\/pages\/1715\/revisions"}],"predecessor-version":[{"id":1867,"href":"https:\/\/sexyrotic.com\/SR-Shop\/de\/wp-json\/wp\/v2\/pages\/1715\/revisions\/1867"}],"wp:attachment":[{"href":"https:\/\/sexyrotic.com\/SR-Shop\/de\/wp-json\/wp\/v2\/media?parent=1715"}],"curies":[{"name":"wp","href":"https:\/\/api.w.org\/{rel}","templated":true}]}}