{"id":1673,"date":"2018-01-12T20:13:49","date_gmt":"2018-01-12T20:13:49","guid":{"rendered":"https:\/\/sexyrotic.com\/SR-Shop\/?page_id=1673"},"modified":"2018-03-26T14:32:34","modified_gmt":"2018-03-26T14:32:34","slug":"shipping-refund-policy","status":"publish","type":"page","link":"https:\/\/sexyrotic.com\/SR-Shop\/de\/shipping-refund-policy\/","title":{"rendered":"Shipping &#038; Refund Policy"},"content":{"rendered":"<p>VERSAND &#038; R\u00dcCKERSTATTUNG<\/p>\n<p>Produktdownload<\/p>\n<p>Unsere Produkte sind nur als Datendownload im Internet erh\u00e4ltlich. Sobald Ihr Einkauf best\u00e4tigt wurde, werden wir Ihre Bestellung abwickeln. Bestellungen werden \u00fcblicherweise innerhalb von vierundzwanzig (24) abgwickelt. Nachdem Ihre Bestellung bearbeitet wurde, senden wir Ihnen eine Best\u00e4tigungsemail an jene Adresse, die Sie im Auftragsformular eingegeben haben. Diese eMail dient als elektronische Einkaufsbest\u00e4tigung und wird die Informationen enthalten, die Sie f\u00fcr den Download der bestellten Produkte ben\u00f6tigen.<\/p>\n<p>Downloads von unseren Servern werden genau verfolgt, damit wir den erfolgreichen Zugang zu den bestellten Produkten sicherstellen k\u00f6nnen.<\/p>\n<p>R\u00fcckgaberecht<\/p>\n<p>Wir stehen hinter unseren Produkten, und es ist uns sehr wichtig, dass Sie mit ihnen zufrieden sind. Weil unsere Produkte aber digitale G\u00fcter sind, die \u00fcber das Internet downgeloadet werden, k\u00f6nnen wir generell keinerlei R\u00fcckgaberecht gew\u00e4hren.<\/p>\n<p>Wenn Sie bez\u00fcglich Ihres Einkaufs Ihre Meinung \u00e4ndern und haben unser Produkt noch nicht heruntergeladen, gew\u00e4hren wir Ihnen gerne eine R\u00fcckerstattung auf Anfrage.<\/p>","protected":false},"excerpt":{"rendered":"<p>VERSAND &#038; R\u00dcCKERSTATTUNG Produktdownload Unsere Produkte sind nur als Datendownload im Internet erh\u00e4ltlich. Sobald Ihr Einkauf best\u00e4tigt wurde, werden wir Ihre Bestellung abwickeln. Bestellungen werden \u00fcblicherweise innerhalb von vierundzwanzig (24) abgwickelt. Nachdem Ihre Bestellung bearbeitet wurde, senden wir Ihnen eine Best\u00e4tigungsemail an jene Adresse, die Sie im Auftragsformular eingegeben haben. Diese eMail dient als elektronische [&hellip;]<\/p>\n","protected":false},"author":1,"featured_media":0,"parent":0,"menu_order":0,"comment_status":"closed","ping_status":"closed","template":"","meta":{"footnotes":""},"class_list":["post-1673","page","type-page","status-publish","hentry"],"yoast_head":"<!-- This site is optimized with the Yoast SEO plugin v25.0 - https:\/\/yoast.com\/wordpress\/plugins\/seo\/ -->\n<title>Shipping &amp; Refund Policy - SEXYROTIC<\/title>\n<meta name=\"description\" content=\"Find out more about SEXYROTIC, the adult content producer\/provider.\" \/>\n<meta name=\"robots\" content=\"index, follow, max-snippet:-1, max-image-preview:large, max-video-preview:-1\" \/>\n<link rel=\"canonical\" href=\"https:\/\/sexyrotic.com\/SR-Shop\/shipping-refund-policy\/\" \/>\n<meta property=\"og:locale\" content=\"de_DE\" \/>\n<meta property=\"og:type\" content=\"article\" \/>\n<meta property=\"og:title\" content=\"Shipping &amp; Refund Policy - SEXYROTIC\" \/>\n<meta property=\"og:description\" content=\"Find out more about SEXYROTIC, the adult content producer\/provider.\" \/>\n<meta property=\"og:url\" content=\"https:\/\/sexyrotic.com\/SR-Shop\/shipping-refund-policy\/\" \/>\n<meta property=\"og:site_name\" content=\"SEXYROTIC\" \/>\n<meta property=\"article:modified_time\" content=\"2018-03-26T14:32:34+00:00\" \/>\n<meta name=\"twitter:card\" content=\"summary_large_image\" \/>\n<meta name=\"twitter:site\" content=\"@SEXYROTIC_com\" \/>\n<meta name=\"twitter:label1\" content=\"Gesch\u00e4tzte Lesezeit\" \/>\n\t<meta name=\"twitter:data1\" content=\"2\u00a0Minuten\" \/>\n<script type=\"application\/ld+json\" class=\"yoast-schema-graph\">{\"@context\":\"https:\/\/schema.org\",\"@graph\":[{\"@type\":\"WebPage\",\"@id\":\"https:\/\/sexyrotic.com\/SR-Shop\/shipping-refund-policy\/\",\"url\":\"https:\/\/sexyrotic.com\/SR-Shop\/shipping-refund-policy\/\",\"name\":\"Shipping & Refund Policy - SEXYROTIC\",\"isPartOf\":{\"@id\":\"https:\/\/sexyrotic.com\/SR-Shop\/#website\"},\"datePublished\":\"2018-01-12T20:13:49+00:00\",\"dateModified\":\"2018-03-26T14:32:34+00:00\",\"description\":\"Find out more about SEXYROTIC, the adult content producer\/provider.\",\"breadcrumb\":{\"@id\":\"https:\/\/sexyrotic.com\/SR-Shop\/shipping-refund-policy\/#breadcrumb\"},\"inLanguage\":\"de\",\"potentialAction\":[{\"@type\":\"ReadAction\",\"target\":[\"https:\/\/sexyrotic.com\/SR-Shop\/shipping-refund-policy\/\"]}]},{\"@type\":\"BreadcrumbList\",\"@id\":\"https:\/\/sexyrotic.com\/SR-Shop\/shipping-refund-policy\/#breadcrumb\",\"itemListElement\":[{\"@type\":\"ListItem\",\"position\":1,\"name\":\"Home\",\"item\":\"https:\/\/sexyrotic.com\/SR-Shop\/\"},{\"@type\":\"ListItem\",\"position\":2,\"name\":\"Shipping &#038; Refund Policy\"}]},{\"@type\":\"WebSite\",\"@id\":\"https:\/\/sexyrotic.com\/SR-Shop\/#website\",\"url\":\"https:\/\/sexyrotic.com\/SR-Shop\/\",\"name\":\"SEXYROTIC\",\"description\":\"Adult CONTENT (Producer\/Provider)\",\"publisher\":{\"@id\":\"https:\/\/sexyrotic.com\/SR-Shop\/#organization\"},\"potentialAction\":[{\"@type\":\"SearchAction\",\"target\":{\"@type\":\"EntryPoint\",\"urlTemplate\":\"https:\/\/sexyrotic.com\/SR-Shop\/?s={search_term_string}\"},\"query-input\":{\"@type\":\"PropertyValueSpecification\",\"valueRequired\":true,\"valueName\":\"search_term_string\"}}],\"inLanguage\":\"de\"},{\"@type\":\"Organization\",\"@id\":\"https:\/\/sexyrotic.com\/SR-Shop\/#organization\",\"name\":\"SEXYROTIC\",\"url\":\"https:\/\/sexyrotic.com\/SR-Shop\/\",\"logo\":{\"@type\":\"ImageObject\",\"inLanguage\":\"de\",\"@id\":\"https:\/\/sexyrotic.com\/SR-Shop\/#\/schema\/logo\/image\/\",\"url\":\"https:\/\/sexyrotic.com\/SR-Shop\/wp-content\/uploads\/2018\/01\/cropped-SRLogo-1950x500-copy.png\",\"contentUrl\":\"https:\/\/sexyrotic.com\/SR-Shop\/wp-content\/uploads\/2018\/01\/cropped-SRLogo-1950x500-copy.png\",\"width\":619,\"height\":110,\"caption\":\"SEXYROTIC\"},\"image\":{\"@id\":\"https:\/\/sexyrotic.com\/SR-Shop\/#\/schema\/logo\/image\/\"},\"sameAs\":[\"https:\/\/x.com\/SEXYROTIC_com\"]}]}<\/script>\n<!-- \/ Yoast SEO plugin. -->","yoast_head_json":{"title":"Shipping & Refund Policy - SEXYROTIC","description":"Find out more about SEXYROTIC, the adult content producer\/provider.","robots":{"index":"index","follow":"follow","max-snippet":"max-snippet:-1","max-image-preview":"max-image-preview:large","max-video-preview":"max-video-preview:-1"},"canonical":"https:\/\/sexyrotic.com\/SR-Shop\/shipping-refund-policy\/","og_locale":"de_DE","og_type":"article","og_title":"Shipping & Refund Policy - SEXYROTIC","og_description":"Find out more about SEXYROTIC, the adult content producer\/provider.","og_url":"https:\/\/sexyrotic.com\/SR-Shop\/shipping-refund-policy\/","og_site_name":"SEXYROTIC","article_modified_time":"2018-03-26T14:32:34+00:00","twitter_card":"summary_large_image","twitter_site":"@SEXYROTIC_com","twitter_misc":{"Gesch\u00e4tzte Lesezeit":"2\u00a0Minuten"},"schema":{"@context":"https:\/\/schema.org","@graph":[{"@type":"WebPage","@id":"https:\/\/sexyrotic.com\/SR-Shop\/shipping-refund-policy\/","url":"https:\/\/sexyrotic.com\/SR-Shop\/shipping-refund-policy\/","name":"Shipping & Refund Policy - SEXYROTIC","isPartOf":{"@id":"https:\/\/sexyrotic.com\/SR-Shop\/#website"},"datePublished":"2018-01-12T20:13:49+00:00","dateModified":"2018-03-26T14:32:34+00:00","description":"Find out more about SEXYROTIC, the adult content producer\/provider.","breadcrumb":{"@id":"https:\/\/sexyrotic.com\/SR-Shop\/shipping-refund-policy\/#breadcrumb"},"inLanguage":"de","potentialAction":[{"@type":"ReadAction","target":["https:\/\/sexyrotic.com\/SR-Shop\/shipping-refund-policy\/"]}]},{"@type":"BreadcrumbList","@id":"https:\/\/sexyrotic.com\/SR-Shop\/shipping-refund-policy\/#breadcrumb","itemListElement":[{"@type":"ListItem","position":1,"name":"Home","item":"https:\/\/sexyrotic.com\/SR-Shop\/"},{"@type":"ListItem","position":2,"name":"Shipping &#038; Refund Policy"}]},{"@type":"WebSite","@id":"https:\/\/sexyrotic.com\/SR-Shop\/#website","url":"https:\/\/sexyrotic.com\/SR-Shop\/","name":"SEXYROTIC","description":"Adult CONTENT (Producer\/Provider)","publisher":{"@id":"https:\/\/sexyrotic.com\/SR-Shop\/#organization"},"potentialAction":[{"@type":"SearchAction","target":{"@type":"EntryPoint","urlTemplate":"https:\/\/sexyrotic.com\/SR-Shop\/?s={search_term_string}"},"query-input":{"@type":"PropertyValueSpecification","valueRequired":true,"valueName":"search_term_string"}}],"inLanguage":"de"},{"@type":"Organization","@id":"https:\/\/sexyrotic.com\/SR-Shop\/#organization","name":"SEXYROTIC","url":"https:\/\/sexyrotic.com\/SR-Shop\/","logo":{"@type":"ImageObject","inLanguage":"de","@id":"https:\/\/sexyrotic.com\/SR-Shop\/#\/schema\/logo\/image\/","url":"https:\/\/sexyrotic.com\/SR-Shop\/wp-content\/uploads\/2018\/01\/cropped-SRLogo-1950x500-copy.png","contentUrl":"https:\/\/sexyrotic.com\/SR-Shop\/wp-content\/uploads\/2018\/01\/cropped-SRLogo-1950x500-copy.png","width":619,"height":110,"caption":"SEXYROTIC"},"image":{"@id":"https:\/\/sexyrotic.com\/SR-Shop\/#\/schema\/logo\/image\/"},"sameAs":["https:\/\/x.com\/SEXYROTIC_com"]}]}},"_links":{"self":[{"href":"https:\/\/sexyrotic.com\/SR-Shop\/de\/wp-json\/wp\/v2\/pages\/1673","targetHints":{"allow":["GET"]}}],"collection":[{"href":"https:\/\/sexyrotic.com\/SR-Shop\/de\/wp-json\/wp\/v2\/pages"}],"about":[{"href":"https:\/\/sexyrotic.com\/SR-Shop\/de\/wp-json\/wp\/v2\/types\/page"}],"author":[{"embeddable":true,"href":"https:\/\/sexyrotic.com\/SR-Shop\/de\/wp-json\/wp\/v2\/users\/1"}],"replies":[{"embeddable":true,"href":"https:\/\/sexyrotic.com\/SR-Shop\/de\/wp-json\/wp\/v2\/comments?post=1673"}],"version-history":[{"count":4,"href":"https:\/\/sexyrotic.com\/SR-Shop\/de\/wp-json\/wp\/v2\/pages\/1673\/revisions"}],"predecessor-version":[{"id":1828,"href":"https:\/\/sexyrotic.com\/SR-Shop\/de\/wp-json\/wp\/v2\/pages\/1673\/revisions\/1828"}],"wp:attachment":[{"href":"https:\/\/sexyrotic.com\/SR-Shop\/de\/wp-json\/wp\/v2\/media?parent=1673"}],"curies":[{"name":"wp","href":"https:\/\/api.w.org\/{rel}","templated":true}]}}