{"id":14,"date":"2018-01-10T22:53:34","date_gmt":"2018-01-10T22:53:34","guid":{"rendered":"https:\/\/sexyrotic.com\/SR-Shop\/?page_id=14"},"modified":"2018-04-15T00:21:47","modified_gmt":"2018-04-15T00:21:47","slug":"about-us","status":"publish","type":"page","link":"https:\/\/sexyrotic.com\/SR-Shop\/de\/about-us\/","title":{"rendered":"\u00dcber uns"},"content":{"rendered":"<p>WIR \u00dcBER UNS<\/p>\n<p>Gewiss sind wir kein gew\u00f6hnliches Unternehmen.<\/p>\n<p>Aber findet es selbst heraus:<\/p>\n<p>DIE VERGANGENHEIT<\/p>\n<p>Alles begann im Mai 2002. Ohne einen blassen Schimmer von Gesch\u00e4ftlichem zu haben, organisierten und finanzierten wir ein paar Nacktshootings in Prag. Unter den Namen der ersten M\u00e4dels fanden sich Monika Hajkova (PLAYBOY, PENTHOUSE) und ihre Schwester, Pavla Kroupova, Jana Mrazkova, Elena Nikulina, Lea De Mae (beide ziemlich ber\u00fchmt als Pornodarstellerinnen u.a. bei PRIVATE) und so weiter. Neugier trieb uns an und die Freude, mit h\u00fcbschen Frauen und M\u00e4dchen in herrlicher Natur arbeiten zu d\u00fcrfen. Auf das Geld achteten wir weniger. Eines Tages w\u00fcrde es uns sicherlich irgendwie m\u00f6glich sein, die Bilder an den Mann zu bringen.<\/p>\n<p>Ein Jahr sp\u00e4ter erstellten wir eine Website und nannten sie SEXYROTIC.com. \u00dcberall auf der Welt suchten wir Kunden und traten mit ihnen in Kontakt. Freilich hatten wir auch jetzt keine Ahnung davon, wie man eine Website zusammenbastelt und ver\u00f6ffentlicht, wie man sie vermarktet usw. Wir lernten durch Versuch und Irrtum.<\/p>\n<p>DIE GEGENWART<\/p>\n<p>Mittlerweile haben wir Bilder an Magazine, Webmaster und private Konsumenten verkauft. Wir sind dabei nicht reich geworden, sondern haben draufgelegt. Aber wir sind immer noch da (M\u00e4rz 2018) und geni\u00dfen es mit unseren Models zu arbeiten.<\/p>\n<p>DIE ZUKUNFT<\/p>\n<p>Die kennt niemand, aber wir sind optimistisch.<\/p>\n<p>UNSERE PHILOSOPHIE<\/p>\n<p>Unserer Meinung nach ist unbedeckt weibliche Sch\u00f6nheit ein Geschenk an die Frau, die sie besitzt. So wie musikalisches Talent ein Geschenk f\u00fcr den Musiker ist, oder mathematisches Talent f\u00fcr den Mathematiker. Und jedem Menschen ist es freigestellt, mit seinen Talenten zu, was er m\u00f6chte. Man kann seine Talente verschwenden oder verk\u00fcmmern lassen, man kann sie ganz f\u00fcr sich behalten, oder nur ganz wenige Personen daran teilhaben lassen. Wir sind vor allem jenen Menschen dankbar, die anders sind und Gottes Geschenk (oder das des Schicksals oder Zufalls) mit der Welt teilen. Wir leben in einer Welt pervertierter Moralvorstellungen, in welcher Sex ohne Zweck, nur als Lebenslust, als S\u00fcnde betrachtet wird; in der eine nackte Frau auf der Stra\u00dfe mehr Protest hervorruft als eine Schl\u00e4gerei; in der Pornographie schnell in denselben Korb geworfen wird Kriminali\u00e4t und Gewalt. Uns ist bewusst, dass es unter diesen Umst\u00e4nden f\u00fcr ein junges M\u00e4dchen eine Menge Mut erfordert, sich freiz\u00fcgig nackt von Kameras ablichten zu lassen. Sie muss eine starke Pers\u00f6nlichkeit haben, um dem psychologischen Druck standzuhalten, der durch tuschelnde Nachbarn erzeugt wird. Oder durch Freunde, die mit dem Finger auf sie zeigen. Oder durch Familienmitglieder, die sich sch\u00e4men statt stolz zu sein.<\/p>\n<p>Daher ist es f\u00fcr uns selbstverst\u00e4ndlich, dass wir mit unseren Models respektvoll umgehen. Wir betrachten sie als gleichwertige Gesch\u00e4ftspartner, wir bezahlen sie sehr gut, wir dr\u00e4ngen sie niemals zu etwas, womit sie sich unwohl f\u00fchlen w\u00fcrden, und wir nehmen R\u00fccksicht auf ihre W\u00fcnsche. Vielleicht ist das einer der Gr\u00fcnde daf\u00fcr, dass wir auch nach vielen Jahren (in manchen F\u00e4llen schon 15) noch gute pers\u00f6nliche Beziehungen haben. Einige von ihnen sind \u00fcber die Jahre zu engen Freunden geworden. Und mit jenen Frauen, die das Modeln nicht komplett an den Nagel geh\u00e4ngt haben, arbeiten wir noch heute. Sehr ungew\u00f6hnlich in diesem Business: unsere Models k\u00f6nnen w\u00e4hlen, ob sie eine feste einmalige Bezahlung haben wollen, oder zu 50% am Profit ihrer Fotos beteiligt sein m\u00f6chten. Wie auch immer, unsere Kunden d\u00fcrfen sicher sein, dass ein gro\u00dfer Teil ihres Geldes direkt den Models zugute kommt.<\/p>\n<p>WEN, WO, WAS UND WIE WIR SHOOTEN<\/p>\n<p>Wenn wir h\u00fcbsche M\u00e4dchen auf der Stra\u00dfe sehen, sprechen wir sie an und fragen sie, ob sie uns als Model zur Verf\u00fcgung stehen m\u00f6chten; wir surfen durch&#8217;s Internet und finden M\u00e4dchen auf Portalen oder ihrer pers\u00f6nlichen Website; oder wir bekommen die M\u00e4dchen direkt von den Agenturen mit denen wir kooperieren.<\/p>\n<p>Wir shooten h\u00e4ufig in S\u00fcddeutschland, Schweiz, Prag und Br\u00fcnn (Tschechische Republik) sowie in Zilina (Slowakei).<\/p>\n<p>Meistens, aber nicht nur, fotografieren wir Solo Girls (bevorzugt drau\u00dfen) von Non-nude Casual (NNC) bis Masturbation mit Fingern und Toys. Was Auftragsarbeiten angeht, so halten wir uns nat\u00fcrlich an die W\u00fcnsche unserer Auftragsgeber. Wenn es sich nicht um einen Auftrag handelt, &#8222;springen&#8220; wir gern einfach &#8222;ins Wasser&#8220;. Ohne konkrete Pl\u00e4ne suchen wir sch\u00f6ne Pl\u00e4tze auf, mnachmal mit dem Auto, aber sehr oft auch zu Fu\u00df, weil mach pittoresker Ort weit von normalen Stra\u00dfen entfernt liegt. Dann schauen wir uns die Lichtverh\u00e4ltnisse an und beginnen zu fotografieren und zu filmen. Wir nehmen es dabei wie&#8217;s kommt und lassen uns von spontanen Ideen leiten, die durch das beeinflusst sind, was sich zuf\u00e4llig ergibt. Es f\u00fchlt sich an wie Surfen auf den Wellen t\u00e4glicher Ungewissheiten oder Geschenke von Tyche, der G\u00f6ttin des Schicksals, zu erhalten. Morgens wissen wir nie, welche Art von Fotos\/Videos wir am Abend im Kasten haben werden. So hat jede Fotoserie und jeder Videoclip seine individuelle Entstehungsgeschichte und seinen individuellen Charakter.<\/p>\n<p>DIE TECHNIK<\/p>\n<p>Aus Sicht der Fotos starteten wir mit einer NIKON F801, sp\u00e4ter war es einen NIKON F100 (beide noch analog), gefolgt von einer Fuji S2 und einer Fuji S3. F\u00fcr unsere Videoclips neutzten wir verschiedene SONY TRV120`s sp\u00e4ter begleitet von einer netten SONY VX2000. Update 01\/2018: In der Zwischenzeit hatten wir die NIKON D700 als Fotokamera, derzeit arbeiten wir mit der NIKON D800E. F\u00fcr Videos beutzen wir mittlerweile die PANASONIC HDC-SD1 und HDC-SD99 wie auch seit kurzem die SONY FDR-X3000.<\/p>\n<p>Danke an unsere Models und an unsere Kunden! :-)<\/p>","protected":false},"excerpt":{"rendered":"<p>WIR \u00dcBER UNS Gewiss sind wir kein gew\u00f6hnliches Unternehmen. Aber findet es selbst heraus: DIE VERGANGENHEIT Alles begann im Mai 2002. Ohne einen blassen Schimmer von Gesch\u00e4ftlichem zu haben, organisierten und finanzierten wir ein paar Nacktshootings in Prag. Unter den Namen der ersten M\u00e4dels fanden sich Monika Hajkova (PLAYBOY, PENTHOUSE) und ihre Schwester, Pavla Kroupova, [&hellip;]<\/p>\n","protected":false},"author":1,"featured_media":0,"parent":0,"menu_order":2,"comment_status":"closed","ping_status":"closed","template":"","meta":{"footnotes":""},"class_list":["post-14","page","type-page","status-publish","hentry"],"yoast_head":"<!-- This site is optimized with the Yoast SEO plugin v25.0 - https:\/\/yoast.com\/wordpress\/plugins\/seo\/ -->\n<title>\u00dcber uns - SEXYROTIC<\/title>\n<meta name=\"description\" content=\"Find out more about SEXYROTIC, the adult content producer\/provider.\" \/>\n<meta name=\"robots\" content=\"index, follow, max-snippet:-1, max-image-preview:large, max-video-preview:-1\" \/>\n<link rel=\"canonical\" href=\"https:\/\/sexyrotic.com\/SR-Shop\/de\/about-us\/\" \/>\n<meta property=\"og:locale\" content=\"de_DE\" \/>\n<meta property=\"og:type\" content=\"article\" \/>\n<meta property=\"og:title\" content=\"\u00dcber uns - SEXYROTIC\" \/>\n<meta property=\"og:description\" content=\"Find out more about SEXYROTIC, the adult content producer\/provider.\" \/>\n<meta property=\"og:url\" content=\"https:\/\/sexyrotic.com\/SR-Shop\/de\/about-us\/\" \/>\n<meta property=\"og:site_name\" content=\"SEXYROTIC\" \/>\n<meta property=\"article:modified_time\" content=\"2018-04-15T00:21:47+00:00\" \/>\n<meta name=\"twitter:card\" content=\"summary_large_image\" \/>\n<meta name=\"twitter:site\" content=\"@SEXYROTIC_com\" \/>\n<meta name=\"twitter:label1\" content=\"Gesch\u00e4tzte Lesezeit\" \/>\n\t<meta name=\"twitter:data1\" content=\"9\u00a0Minuten\" \/>\n<script type=\"application\/ld+json\" class=\"yoast-schema-graph\">{\"@context\":\"https:\/\/schema.org\",\"@graph\":[{\"@type\":\"WebPage\",\"@id\":\"https:\/\/sexyrotic.com\/SR-Shop\/de\/about-us\/\",\"url\":\"https:\/\/sexyrotic.com\/SR-Shop\/de\/about-us\/\",\"name\":\"\u00dcber uns - SEXYROTIC\",\"isPartOf\":{\"@id\":\"https:\/\/sexyrotic.com\/SR-Shop\/#website\"},\"datePublished\":\"2018-01-10T22:53:34+00:00\",\"dateModified\":\"2018-04-15T00:21:47+00:00\",\"description\":\"Find out more about SEXYROTIC, the adult content producer\/provider.\",\"breadcrumb\":{\"@id\":\"https:\/\/sexyrotic.com\/SR-Shop\/de\/about-us\/#breadcrumb\"},\"inLanguage\":\"de\",\"potentialAction\":[{\"@type\":\"ReadAction\",\"target\":[\"https:\/\/sexyrotic.com\/SR-Shop\/de\/about-us\/\"]}]},{\"@type\":\"BreadcrumbList\",\"@id\":\"https:\/\/sexyrotic.com\/SR-Shop\/de\/about-us\/#breadcrumb\",\"itemListElement\":[{\"@type\":\"ListItem\",\"position\":1,\"name\":\"Home\",\"item\":\"https:\/\/sexyrotic.com\/SR-Shop\/\"},{\"@type\":\"ListItem\",\"position\":2,\"name\":\"\u00dcber uns\"}]},{\"@type\":\"WebSite\",\"@id\":\"https:\/\/sexyrotic.com\/SR-Shop\/#website\",\"url\":\"https:\/\/sexyrotic.com\/SR-Shop\/\",\"name\":\"SEXYROTIC\",\"description\":\"Adult CONTENT (Producer\/Provider)\",\"publisher\":{\"@id\":\"https:\/\/sexyrotic.com\/SR-Shop\/#organization\"},\"potentialAction\":[{\"@type\":\"SearchAction\",\"target\":{\"@type\":\"EntryPoint\",\"urlTemplate\":\"https:\/\/sexyrotic.com\/SR-Shop\/?s={search_term_string}\"},\"query-input\":{\"@type\":\"PropertyValueSpecification\",\"valueRequired\":true,\"valueName\":\"search_term_string\"}}],\"inLanguage\":\"de\"},{\"@type\":\"Organization\",\"@id\":\"https:\/\/sexyrotic.com\/SR-Shop\/#organization\",\"name\":\"SEXYROTIC\",\"url\":\"https:\/\/sexyrotic.com\/SR-Shop\/\",\"logo\":{\"@type\":\"ImageObject\",\"inLanguage\":\"de\",\"@id\":\"https:\/\/sexyrotic.com\/SR-Shop\/#\/schema\/logo\/image\/\",\"url\":\"https:\/\/sexyrotic.com\/SR-Shop\/wp-content\/uploads\/2018\/01\/cropped-SRLogo-1950x500-copy.png\",\"contentUrl\":\"https:\/\/sexyrotic.com\/SR-Shop\/wp-content\/uploads\/2018\/01\/cropped-SRLogo-1950x500-copy.png\",\"width\":619,\"height\":110,\"caption\":\"SEXYROTIC\"},\"image\":{\"@id\":\"https:\/\/sexyrotic.com\/SR-Shop\/#\/schema\/logo\/image\/\"},\"sameAs\":[\"https:\/\/x.com\/SEXYROTIC_com\"]}]}<\/script>\n<!-- \/ Yoast SEO plugin. -->","yoast_head_json":{"title":"\u00dcber uns - SEXYROTIC","description":"Find out more about SEXYROTIC, the adult content producer\/provider.","robots":{"index":"index","follow":"follow","max-snippet":"max-snippet:-1","max-image-preview":"max-image-preview:large","max-video-preview":"max-video-preview:-1"},"canonical":"https:\/\/sexyrotic.com\/SR-Shop\/de\/about-us\/","og_locale":"de_DE","og_type":"article","og_title":"\u00dcber uns - SEXYROTIC","og_description":"Find out more about SEXYROTIC, the adult content producer\/provider.","og_url":"https:\/\/sexyrotic.com\/SR-Shop\/de\/about-us\/","og_site_name":"SEXYROTIC","article_modified_time":"2018-04-15T00:21:47+00:00","twitter_card":"summary_large_image","twitter_site":"@SEXYROTIC_com","twitter_misc":{"Gesch\u00e4tzte Lesezeit":"9\u00a0Minuten"},"schema":{"@context":"https:\/\/schema.org","@graph":[{"@type":"WebPage","@id":"https:\/\/sexyrotic.com\/SR-Shop\/de\/about-us\/","url":"https:\/\/sexyrotic.com\/SR-Shop\/de\/about-us\/","name":"\u00dcber uns - SEXYROTIC","isPartOf":{"@id":"https:\/\/sexyrotic.com\/SR-Shop\/#website"},"datePublished":"2018-01-10T22:53:34+00:00","dateModified":"2018-04-15T00:21:47+00:00","description":"Find out more about SEXYROTIC, the adult content producer\/provider.","breadcrumb":{"@id":"https:\/\/sexyrotic.com\/SR-Shop\/de\/about-us\/#breadcrumb"},"inLanguage":"de","potentialAction":[{"@type":"ReadAction","target":["https:\/\/sexyrotic.com\/SR-Shop\/de\/about-us\/"]}]},{"@type":"BreadcrumbList","@id":"https:\/\/sexyrotic.com\/SR-Shop\/de\/about-us\/#breadcrumb","itemListElement":[{"@type":"ListItem","position":1,"name":"Home","item":"https:\/\/sexyrotic.com\/SR-Shop\/"},{"@type":"ListItem","position":2,"name":"\u00dcber uns"}]},{"@type":"WebSite","@id":"https:\/\/sexyrotic.com\/SR-Shop\/#website","url":"https:\/\/sexyrotic.com\/SR-Shop\/","name":"SEXYROTIC","description":"Adult CONTENT (Producer\/Provider)","publisher":{"@id":"https:\/\/sexyrotic.com\/SR-Shop\/#organization"},"potentialAction":[{"@type":"SearchAction","target":{"@type":"EntryPoint","urlTemplate":"https:\/\/sexyrotic.com\/SR-Shop\/?s={search_term_string}"},"query-input":{"@type":"PropertyValueSpecification","valueRequired":true,"valueName":"search_term_string"}}],"inLanguage":"de"},{"@type":"Organization","@id":"https:\/\/sexyrotic.com\/SR-Shop\/#organization","name":"SEXYROTIC","url":"https:\/\/sexyrotic.com\/SR-Shop\/","logo":{"@type":"ImageObject","inLanguage":"de","@id":"https:\/\/sexyrotic.com\/SR-Shop\/#\/schema\/logo\/image\/","url":"https:\/\/sexyrotic.com\/SR-Shop\/wp-content\/uploads\/2018\/01\/cropped-SRLogo-1950x500-copy.png","contentUrl":"https:\/\/sexyrotic.com\/SR-Shop\/wp-content\/uploads\/2018\/01\/cropped-SRLogo-1950x500-copy.png","width":619,"height":110,"caption":"SEXYROTIC"},"image":{"@id":"https:\/\/sexyrotic.com\/SR-Shop\/#\/schema\/logo\/image\/"},"sameAs":["https:\/\/x.com\/SEXYROTIC_com"]}]}},"_links":{"self":[{"href":"https:\/\/sexyrotic.com\/SR-Shop\/de\/wp-json\/wp\/v2\/pages\/14","targetHints":{"allow":["GET"]}}],"collection":[{"href":"https:\/\/sexyrotic.com\/SR-Shop\/de\/wp-json\/wp\/v2\/pages"}],"about":[{"href":"https:\/\/sexyrotic.com\/SR-Shop\/de\/wp-json\/wp\/v2\/types\/page"}],"author":[{"embeddable":true,"href":"https:\/\/sexyrotic.com\/SR-Shop\/de\/wp-json\/wp\/v2\/users\/1"}],"replies":[{"embeddable":true,"href":"https:\/\/sexyrotic.com\/SR-Shop\/de\/wp-json\/wp\/v2\/comments?post=14"}],"version-history":[{"count":6,"href":"https:\/\/sexyrotic.com\/SR-Shop\/de\/wp-json\/wp\/v2\/pages\/14\/revisions"}],"predecessor-version":[{"id":1819,"href":"https:\/\/sexyrotic.com\/SR-Shop\/de\/wp-json\/wp\/v2\/pages\/14\/revisions\/1819"}],"wp:attachment":[{"href":"https:\/\/sexyrotic.com\/SR-Shop\/de\/wp-json\/wp\/v2\/media?parent=14"}],"curies":[{"name":"wp","href":"https:\/\/api.w.org\/{rel}","templated":true}]}}